{"id":13,"date":"2022-12-04T15:01:23","date_gmt":"2022-12-04T15:01:23","guid":{"rendered":"https:\/\/www.gleichrichter.com\/?page_id=13"},"modified":"2024-07-04T10:29:47","modified_gmt":"2024-07-04T09:29:47","slug":"einsatzgebiete","status":"publish","type":"page","link":"https:\/\/www.gleichrichter.com\/en\/einsatzgebiete\/","title":{"rendered":"APPLICATION AREAS"},"content":{"rendered":"<div data-elementor-type=\"wp-page\" data-elementor-id=\"13\" class=\"elementor elementor-13\" data-elementor-post-type=\"page\">\n\t\t\t\t<div class=\"elementor-element elementor-element-68daa0a e-flex e-con-boxed e-con e-parent\" data-id=\"68daa0a\" data-element_type=\"container\" data-settings=\"{&quot;background_background&quot;:&quot;classic&quot;}\">\n\t\t\t\t\t<div class=\"e-con-inner\">\n\t\t<div class=\"elementor-element elementor-element-6e3181c e-con-full e-flex elementor-invisible e-con e-child\" data-id=\"6e3181c\" data-element_type=\"container\" data-settings=\"{&quot;animation&quot;:&quot;fadeIn&quot;}\">\n\t\t\t\t<div class=\"elementor-element elementor-element-36f27e6 elementor-widget elementor-widget-heading\" data-id=\"36f27e6\" data-element_type=\"widget\" data-widget_type=\"heading.default\">\n\t\t\t\t<div class=\"elementor-widget-container\">\n\t\t\t<style>\/*! elementor - v3.22.0 - 26-06-2024 *\/\n.elementor-heading-title{padding:0;margin:0;line-height:1}.elementor-widget-heading .elementor-heading-title[class*=elementor-size-]>a{color:inherit;font-size:inherit;line-height:inherit}.elementor-widget-heading .elementor-heading-title.elementor-size-small{font-size:15px}.elementor-widget-heading .elementor-heading-title.elementor-size-medium{font-size:19px}.elementor-widget-heading .elementor-heading-title.elementor-size-large{font-size:29px}.elementor-widget-heading .elementor-heading-title.elementor-size-xl{font-size:39px}.elementor-widget-heading .elementor-heading-title.elementor-size-xxl{font-size:59px}<\/style><h2 class=\"elementor-heading-title elementor-size-default\">OUR APPLICATION AREAS\n<\/h2>\t\t<\/div>\n\t\t\t\t<\/div>\n\t\t\t\t<div class=\"elementor-element elementor-element-5558b81 elementor-widget elementor-widget-text-editor\" data-id=\"5558b81\" data-element_type=\"widget\" data-widget_type=\"text-editor.default\">\n\t\t\t\t<div class=\"elementor-widget-container\">\n\t\t\t<style>\/*! elementor - v3.22.0 - 26-06-2024 *\/\n.elementor-widget-text-editor.elementor-drop-cap-view-stacked .elementor-drop-cap{background-color:#69727d;color:#fff}.elementor-widget-text-editor.elementor-drop-cap-view-framed .elementor-drop-cap{color:#69727d;border:3px solid;background-color:transparent}.elementor-widget-text-editor:not(.elementor-drop-cap-view-default) .elementor-drop-cap{margin-top:8px}.elementor-widget-text-editor:not(.elementor-drop-cap-view-default) .elementor-drop-cap-letter{width:1em;height:1em}.elementor-widget-text-editor .elementor-drop-cap{float:left;text-align:center;line-height:1;font-size:50px}.elementor-widget-text-editor .elementor-drop-cap-letter{display:inline-block}<\/style>\t\t\t\t<p>In all areas our waste water &amp; water treatment plants are in use<\/p>\t\t\t\t\t\t<\/div>\n\t\t\t\t<\/div>\n\t\t\t\t<\/div>\n\t\t<div class=\"elementor-element elementor-element-878e79c e-con-full e-flex e-con e-child\" data-id=\"878e79c\" data-element_type=\"container\">\n\t\t\t\t<\/div>\n\t\t\t\t\t<\/div>\n\t\t\t\t<\/div>\n\t\t<div class=\"elementor-element elementor-element-1ced73b section-liner-code e-flex e-con-boxed e-con e-parent\" data-id=\"1ced73b\" data-element_type=\"container\">\n\t\t\t\t\t<div class=\"e-con-inner\">\n\t\t<div class=\"elementor-element elementor-element-7525af5 e-con-full e-flex e-con e-child\" data-id=\"7525af5\" data-element_type=\"container\">\n\t\t<div class=\"elementor-element elementor-element-a46a5b9 e-con-full e-flex elementor-invisible e-con e-child\" data-id=\"a46a5b9\" data-element_type=\"container\" data-settings=\"{&quot;animation&quot;:&quot;fadeIn&quot;}\">\n\t\t<div class=\"elementor-element elementor-element-ff2eca5 e-con-full e-flex e-con e-child\" data-id=\"ff2eca5\" data-element_type=\"container\" data-settings=\"{&quot;background_background&quot;:&quot;classic&quot;}\">\n\t\t\t\t<div class=\"elementor-element elementor-element-5c7d560 elementor-widget elementor-widget-heading\" data-id=\"5c7d560\" data-element_type=\"widget\" data-widget_type=\"heading.default\">\n\t\t\t\t<div class=\"elementor-widget-container\">\n\t\t\t<h2 class=\"elementor-heading-title elementor-size-default\">Corrugated Cardboard<\/h2>\t\t<\/div>\n\t\t\t\t<\/div>\n\t\t\t\t<div class=\"elementor-element elementor-element-983b207 elementor-widget elementor-widget-text-editor\" data-id=\"983b207\" data-element_type=\"widget\" data-widget_type=\"text-editor.default\">\n\t\t\t\t<div class=\"elementor-widget-container\">\n\t\t\t\t\t\t\t<ul><li>flexo printing waste water<\/li><li>glue waste water<\/li><\/ul>\t\t\t\t\t\t<\/div>\n\t\t\t\t<\/div>\n\t\t\t\t<\/div>\n\t\t<div class=\"elementor-element elementor-element-ae5b28d e-con-full e-flex e-con e-child\" data-id=\"ae5b28d\" data-element_type=\"container\" data-settings=\"{&quot;background_background&quot;:&quot;classic&quot;}\">\n\t\t\t\t<div class=\"elementor-element elementor-element-d08d89c elementor-widget elementor-widget-heading\" data-id=\"d08d89c\" data-element_type=\"widget\" data-widget_type=\"heading.default\">\n\t\t\t\t<div class=\"elementor-widget-container\">\n\t\t\t<h2 class=\"elementor-heading-title elementor-size-default\">Metalworking<\/h2>\t\t<\/div>\n\t\t\t\t<\/div>\n\t\t\t\t<div class=\"elementor-element elementor-element-7e75980 elementor-widget elementor-widget-text-editor\" data-id=\"7e75980\" data-element_type=\"widget\" data-widget_type=\"text-editor.default\">\n\t\t\t\t<div class=\"elementor-widget-container\">\n\t\t\t\t\t\t\t<ul><li>rinsing waste water from surface technology\u00a0<\/li><li>active baths<\/li><li>vibratory finishing waste water\u00a0\u00a0<\/li><li>cooling lubricant emulsions<\/li><li>mold release agent<\/li><li>wash water from parts cleaning<\/li><li>HP cleaning waste water<\/li><li>pickling waste water<\/li><\/ul>\t\t\t\t\t\t<\/div>\n\t\t\t\t<\/div>\n\t\t\t\t<\/div>\n\t\t<div class=\"elementor-element elementor-element-908b0b5 e-con-full e-flex e-con e-child\" data-id=\"908b0b5\" data-element_type=\"container\" data-settings=\"{&quot;background_background&quot;:&quot;classic&quot;}\">\n\t\t\t\t<div class=\"elementor-element elementor-element-886fb17 elementor-widget elementor-widget-heading\" data-id=\"886fb17\" data-element_type=\"widget\" data-widget_type=\"heading.default\">\n\t\t\t\t<div class=\"elementor-widget-container\">\n\t\t\t<h2 class=\"elementor-heading-title elementor-size-default\">Color manufacture &amp; glue production<\/h2>\t\t<\/div>\n\t\t\t\t<\/div>\n\t\t\t\t<div class=\"elementor-element elementor-element-31a9945 elementor-widget elementor-widget-text-editor\" data-id=\"31a9945\" data-element_type=\"widget\" data-widget_type=\"text-editor.default\">\n\t\t\t\t<div class=\"elementor-widget-container\">\n\t\t\t\t\t\t\t<ul><li>emulsion paints<\/li><li>spray booths<\/li><li>paint waste water (KTC ACC)<\/li><li>rinse water from cleaning processes<\/li><\/ul>\t\t\t\t\t\t<\/div>\n\t\t\t\t<\/div>\n\t\t\t\t<\/div>\n\t\t\t\t<\/div>\n\t\t<div class=\"elementor-element elementor-element-cd6210e e-con-full e-flex elementor-invisible e-con e-child\" data-id=\"cd6210e\" data-element_type=\"container\" data-settings=\"{&quot;animation&quot;:&quot;fadeIn&quot;}\">\n\t\t<div class=\"elementor-element elementor-element-aa8888a e-con-full e-flex e-con e-child\" data-id=\"aa8888a\" data-element_type=\"container\" data-settings=\"{&quot;background_background&quot;:&quot;classic&quot;}\">\n\t\t\t\t<div class=\"elementor-element elementor-element-d325c76 elementor-widget elementor-widget-heading\" data-id=\"d325c76\" data-element_type=\"widget\" data-widget_type=\"heading.default\">\n\t\t\t\t<div class=\"elementor-widget-container\">\n\t\t\t<h2 class=\"elementor-heading-title elementor-size-default\">Chemical industry<\/h2>\t\t<\/div>\n\t\t\t\t<\/div>\n\t\t\t\t<div class=\"elementor-element elementor-element-28b05ca elementor-widget elementor-widget-text-editor\" data-id=\"28b05ca\" data-element_type=\"widget\" data-widget_type=\"text-editor.default\">\n\t\t\t\t<div class=\"elementor-widget-container\">\n\t\t\t\t\t\t\t<ul><li>cleaning waste water<\/li><li>dyeing waste water<\/li><\/ul>\t\t\t\t\t\t<\/div>\n\t\t\t\t<\/div>\n\t\t\t\t<\/div>\n\t\t<div class=\"elementor-element elementor-element-e003ec3 e-con-full e-flex e-con e-child\" data-id=\"e003ec3\" data-element_type=\"container\" data-settings=\"{&quot;background_background&quot;:&quot;classic&quot;}\">\n\t\t\t\t<div class=\"elementor-element elementor-element-32a4b1f elementor-widget elementor-widget-heading\" data-id=\"32a4b1f\" data-element_type=\"widget\" data-widget_type=\"heading.default\">\n\t\t\t\t<div class=\"elementor-widget-container\">\n\t\t\t<h2 class=\"elementor-heading-title elementor-size-default\">Bottlers<\/h2>\t\t<\/div>\n\t\t\t\t<\/div>\n\t\t\t\t<div class=\"elementor-element elementor-element-9b886a9 elementor-widget elementor-widget-text-editor\" data-id=\"9b886a9\" data-element_type=\"widget\" data-widget_type=\"text-editor.default\">\n\t\t\t\t<div class=\"elementor-widget-container\">\n\t\t\t\t\t\t\t<ul><li>waste water from tank cleaning<\/li><\/ul>\t\t\t\t\t\t<\/div>\n\t\t\t\t<\/div>\n\t\t\t\t<\/div>\n\t\t<div class=\"elementor-element elementor-element-b68dcc3 e-con-full e-flex e-con e-child\" data-id=\"b68dcc3\" data-element_type=\"container\" data-settings=\"{&quot;background_background&quot;:&quot;classic&quot;}\">\n\t\t\t\t<div class=\"elementor-element elementor-element-50d714f elementor-widget elementor-widget-heading\" data-id=\"50d714f\" data-element_type=\"widget\" data-widget_type=\"heading.default\">\n\t\t\t\t<div class=\"elementor-widget-container\">\n\t\t\t<h2 class=\"elementor-heading-title elementor-size-default\">Textile industry<\/h2>\t\t<\/div>\n\t\t\t\t<\/div>\n\t\t\t\t<div class=\"elementor-element elementor-element-6ff7111 elementor-widget elementor-widget-text-editor\" data-id=\"6ff7111\" data-element_type=\"widget\" data-widget_type=\"text-editor.default\">\n\t\t\t\t<div class=\"elementor-widget-container\">\n\t\t\t\t\t\t\t<ul><li>dyeing waste water<\/li><\/ul>\t\t\t\t\t\t<\/div>\n\t\t\t\t<\/div>\n\t\t\t\t<\/div>\n\t\t\t\t<\/div>\n\t\t<div class=\"elementor-element elementor-element-75c4be9 e-con-full e-flex elementor-invisible e-con e-child\" data-id=\"75c4be9\" data-element_type=\"container\" data-settings=\"{&quot;animation&quot;:&quot;fadeIn&quot;}\">\n\t\t<div class=\"elementor-element elementor-element-f831cbc e-con-full e-flex e-con e-child\" data-id=\"f831cbc\" data-element_type=\"container\" data-settings=\"{&quot;background_background&quot;:&quot;classic&quot;}\">\n\t\t\t\t<div class=\"elementor-element elementor-element-8865a20 elementor-widget elementor-widget-heading\" data-id=\"8865a20\" data-element_type=\"widget\" data-widget_type=\"heading.default\">\n\t\t\t\t<div class=\"elementor-widget-container\">\n\t\t\t<h2 class=\"elementor-heading-title elementor-size-default\">textile industry<\/h2>\t\t<\/div>\n\t\t\t\t<\/div>\n\t\t\t\t<div class=\"elementor-element elementor-element-3dc4ec9 elementor-widget elementor-widget-text-editor\" data-id=\"3dc4ec9\" data-element_type=\"widget\" data-widget_type=\"text-editor.default\">\n\t\t\t\t<div class=\"elementor-widget-container\">\n\t\t\t\t\t\t\t<ul><li>dye works waste water<\/li><\/ul>\t\t\t\t\t\t<\/div>\n\t\t\t\t<\/div>\n\t\t\t\t<\/div>\n\t\t<div class=\"elementor-element elementor-element-c5a036e e-con-full e-flex e-con e-child\" data-id=\"c5a036e\" data-element_type=\"container\" data-settings=\"{&quot;background_background&quot;:&quot;classic&quot;}\">\n\t\t\t\t<div class=\"elementor-element elementor-element-508f615 elementor-widget elementor-widget-heading\" data-id=\"508f615\" data-element_type=\"widget\" data-widget_type=\"heading.default\">\n\t\t\t\t<div class=\"elementor-widget-container\">\n\t\t\t<h2 class=\"elementor-heading-title elementor-size-default\">cosmetics companies<\/h2>\t\t<\/div>\n\t\t\t\t<\/div>\n\t\t\t\t<div class=\"elementor-element elementor-element-9504180 elementor-widget elementor-widget-text-editor\" data-id=\"9504180\" data-element_type=\"widget\" data-widget_type=\"text-editor.default\">\n\t\t\t\t<div class=\"elementor-widget-container\">\n\t\t\t\t\t\t\t<ul><li>cleaning waste water<\/li><\/ul>\t\t\t\t\t\t<\/div>\n\t\t\t\t<\/div>\n\t\t\t\t<\/div>\n\t\t<div class=\"elementor-element elementor-element-b97336f e-con-full e-flex e-con e-child\" data-id=\"b97336f\" data-element_type=\"container\" data-settings=\"{&quot;background_background&quot;:&quot;classic&quot;}\">\n\t\t\t\t<\/div>\n\t\t\t\t<\/div>\n\t\t\t\t<\/div>\n\t\t\t\t\t<\/div>\n\t\t\t\t<\/div>\n\t\t<div class=\"elementor-element elementor-element-844fcd5 e-flex e-con-boxed e-con e-parent\" data-id=\"844fcd5\" data-element_type=\"container\" data-settings=\"{&quot;background_background&quot;:&quot;classic&quot;}\">\n\t\t\t\t\t<div class=\"e-con-inner\">\n\t\t<div class=\"elementor-element elementor-element-c50781f e-con-full e-flex e-con e-child\" data-id=\"c50781f\" data-element_type=\"container\">\n\t\t\t\t<div class=\"elementor-element elementor-element-47acc00 elementor-widget elementor-widget-heading\" data-id=\"47acc00\" data-element_type=\"widget\" data-widget_type=\"heading.default\">\n\t\t\t\t<div class=\"elementor-widget-container\">\n\t\t\t<h2 class=\"elementor-heading-title elementor-size-default\">FREQUENTLY ASKED QUESTIONS<\/h2>\t\t<\/div>\n\t\t\t\t<\/div>\n\t\t\t\t<div class=\"elementor-element elementor-element-8b15be1 jkit-vertical-center elementor-widget elementor-widget-jkit_tabs\" data-id=\"8b15be1\" data-element_type=\"widget\" data-widget_type=\"jkit_tabs.default\">\n\t\t\t\t<div class=\"elementor-widget-container\">\n\t\t\t<div  class=\"jeg-elementor-kit jkit-tabs layout-vertical jeg_module___69e3a00d099bc\" ><div class=\"tab-navigation\"><ul class=\"tab-nav-list\" data-toggle=\"\"><li class=\"tab-nav active\" data-tab=\"tab-991aa3f\"><span class=\"tab-title\">Which processing technology is the best for my application?<\/span><div class=\"tab-content\"><div class=\"tab-description\"><\/div><\/div><\/li><li class=\"tab-nav\" data-tab=\"tab-bc5d4ef\"><span class=\"tab-title\">How does the processing work?<\/span><div class=\"tab-content\"><div class=\"tab-description\"><\/div><\/div><\/li><li class=\"tab-nav\" data-tab=\"tab-c165955\"><span class=\"tab-title\">Does WAP qualify as well?<\/span><div class=\"tab-content\"><div class=\"tab-description\"><\/div><\/div><\/li><li class=\"tab-nav\" data-tab=\"tab-0727262\"><span class=\"tab-title\">How does WAP look after me?<\/span><div class=\"tab-content\"><div class=\"tab-description\"><\/div><\/div><\/li><li class=\"tab-nav\" data-tab=\"tab-606ff74\"><span class=\"tab-title\">What is the role of my WAP consultant?<\/span><div class=\"tab-content\"><div class=\"tab-description\"><\/div><\/div><\/li><li class=\"tab-nav\" data-tab=\"tab-a995fb9\"><span class=\"tab-title\">How big is the WAP project team?<\/span><div class=\"tab-content\"><div class=\"tab-description\"><\/div><\/div><\/li><\/ul><\/div><div class=\"tab-content-list\"><div class=\"tab-content tab-991aa3f active\"><h3 class=\"el-title uk-h3 uk-margin-top uk-margin-remove-bottom\">Which processing technology is the best for my application?<\/h3><div class=\"el-content uk-panel uk-margin-top\"><p>Unfortunately, this question is not always so easy to answer. As a first step, we perform small-scale laboratory analyses to determine the general feasibility of the task. Our engineers and technicians then determine the system individually tailored to your water.<\/p><\/div><\/div><div class=\"tab-content tab-bc5d4ef\"><h3 class=\"el-title uk-h3 uk-margin-top uk-margin-remove-bottom\">How does the processing work?<\/h3><div class=\"el-content uk-panel uk-margin-top\"><p>The basic aim of our plants is to separate the solids from the water and then to separate them permanently. The optimal technology for this is designed by our specialists with regard to optimal technical processing, but also with a focus on the lowest possible operating costs.<\/p><\/div><\/div><div class=\"tab-content tab-c165955\"><h3 class=\"el-title uk-h3 uk-margin-top uk-margin-remove-bottom\">Does WAP qualify as well?<\/h3><div class=\"el-content uk-panel uk-margin-top\"><p>We are continuously audited and work according to the guidelines of DIN ISO 9001:2015.<\/p><p>We are also a T\u00dcV certified specialist company and approved in accordance with WHG<\/p><\/div><\/div><div class=\"tab-content tab-0727262\"><h3 class=\"el-title uk-h3 uk-margin-top uk-margin-remove-bottom\">How does WAP look after me?<\/h3><div class=\"el-content uk-panel uk-margin-top\"><p>If you wish, we can support you from the start of the project on the drawing board right through to the discharge permit into the municipal sewer.<\/p><p>Together with you, we project the technological as well as mechanical requirements and are also happy to prepare the application for approval.<\/p><p>Even after completion of the project, we are happy to be at your side. Be it for maintenance, consumables or even repairs. We are always there for you.<\/p><\/div><\/div><div class=\"tab-content tab-606ff74\"><h3 class=\"el-title uk-h3 uk-margin-top uk-margin-remove-bottom\">What is the role of my WAP consultant?<\/h3><div class=\"el-content uk-panel uk-margin-top\"><p>In principle, you only have one personal contact person at WAP. This person will look after you from the start of the project right through to the acceptance of the running system at your premises. Only in this way can we ensure the best possible support and customer satisfaction.<\/p><\/div><\/div><div class=\"tab-content tab-a995fb9\"><h3 class=\"el-title uk-h3 uk-margin-top uk-margin-remove-bottom\">How big is the WAP project team?<\/h3><div class=\"el-content uk-panel uk-margin-top\"><p>In addition to your personal technical advisor, there is the project engineer and the commercial processing. The project engineer is also supervisor for the assembly team and accompanies the commissioning.<\/p><p>Your personal WAP consultant is always well informed and will provide you with continuous support as your personal interface.<\/p><\/div><\/div><\/div><\/div>\t\t<\/div>\n\t\t\t\t<\/div>\n\t\t\t\t<\/div>\n\t\t\t\t\t<\/div>\n\t\t\t\t<\/div>\n\t\t\t\t<\/div>","protected":false},"excerpt":{"rendered":"<p>UNSERE EINSATZGEBIETE In allen Bereichen sind unsere Abwasser- &amp; Wasseraufbereitungsanlagen im Einsatz. Wellpappe Flexo-Druckabwasser Leimabwasser Metallverarbeitung Sp\u00fclabwasser aus der Oberfl\u00e4chentechnik\u00a0 Aktivb\u00e4der Gleitschliffabwasser\u00a0\u00a0 K\u00fchlschmierstoffemulsionen Formentrennmittel Waschwasser aus Teilereinigung HD-Reinigungsabwasser Beizereiabwasser Farbherstellung &#038; Leimproduktion Dispersionsfarben Spritzkabinen Lackierabwasser (KTC ACC) Sp\u00fclwasser aus Reinigungsprozessen Chemische Industrien Reinigungsabwasser Produktionsabwasser Abf\u00fcllbetriebe Abwasser aus Beh\u00e4lterreinigung Gerbereien Produktionsabwasser Textilindustrie F\u00e4rbereiabwasser Kostmetikbetriebe Reinigungsabwasser FREQUENTLY [&hellip;]<\/p>","protected":false},"author":3,"featured_media":0,"parent":0,"menu_order":0,"comment_status":"closed","ping_status":"closed","template":"","meta":{"inline_featured_image":false,"footnotes":""},"class_list":["post-13","page","type-page","status-publish","hentry"],"_links":{"self":[{"href":"https:\/\/www.gleichrichter.com\/en\/wp-json\/wp\/v2\/pages\/13","targetHints":{"allow":["GET"]}}],"collection":[{"href":"https:\/\/www.gleichrichter.com\/en\/wp-json\/wp\/v2\/pages"}],"about":[{"href":"https:\/\/www.gleichrichter.com\/en\/wp-json\/wp\/v2\/types\/page"}],"author":[{"embeddable":true,"href":"https:\/\/www.gleichrichter.com\/en\/wp-json\/wp\/v2\/users\/3"}],"replies":[{"embeddable":true,"href":"https:\/\/www.gleichrichter.com\/en\/wp-json\/wp\/v2\/comments?post=13"}],"version-history":[{"count":14,"href":"https:\/\/www.gleichrichter.com\/en\/wp-json\/wp\/v2\/pages\/13\/revisions"}],"predecessor-version":[{"id":1616,"href":"https:\/\/www.gleichrichter.com\/en\/wp-json\/wp\/v2\/pages\/13\/revisions\/1616"}],"wp:attachment":[{"href":"https:\/\/www.gleichrichter.com\/en\/wp-json\/wp\/v2\/media?parent=13"}],"curies":[{"name":"wp","href":"https:\/\/api.w.org\/{rel}","templated":true}]}}